{"id":1431,"date":"2019-09-09T14:38:18","date_gmt":"2019-09-09T12:38:18","guid":{"rendered":"https:\/\/www.keck-chimie.fr\/the-company\/histoire\/"},"modified":"2023-05-03T16:03:18","modified_gmt":"2023-05-03T14:03:18","slug":"history","status":"publish","type":"page","link":"https:\/\/www.keck-chimie.fr\/en\/the-company\/history\/","title":{"rendered":"History"},"content":{"rendered":"","protected":false},"excerpt":{"rendered":"","protected":false},"author":1,"featured_media":0,"parent":420,"menu_order":0,"comment_status":"closed","ping_status":"closed","template":"view-contenu.php","meta":{"_acf_changed":false,"footnotes":""},"class_list":["post-1431","page","type-page","status-publish","hentry"],"acf":[],"yoast_head":"<!-- This site is optimized with the Yoast SEO plugin v27.1.1 - https:\/\/yoast.com\/product\/yoast-seo-wordpress\/ -->\n<title>History of Keck Chimie<\/title>\n<meta name=\"description\" content=\"D\u00e9couvrez l&#039;histoire de la soci\u00e9t\u00e9 Keck Chimie, fond\u00e9e en 1900 par Jakob Keck, \u00e0 Pirmasens, en Allemagne. Contactez-nous pour toutes vos questions !\" \/>\n<meta name=\"robots\" content=\"index, follow, max-snippet:-1, max-image-preview:large, max-video-preview:-1\" \/>\n<link rel=\"canonical\" href=\"https:\/\/www.keck-chimie.fr\/en\/the-company\/history\/\" \/>\n<meta property=\"og:locale\" content=\"en_US\" \/>\n<meta property=\"og:type\" content=\"article\" \/>\n<meta property=\"og:title\" content=\"History of Keck Chimie\" \/>\n<meta property=\"og:description\" content=\"D\u00e9couvrez l&#039;histoire de la soci\u00e9t\u00e9 Keck Chimie, fond\u00e9e en 1900 par Jakob Keck, \u00e0 Pirmasens, en Allemagne. Contactez-nous pour toutes vos questions !\" \/>\n<meta property=\"og:url\" content=\"https:\/\/www.keck-chimie.fr\/en\/the-company\/history\/\" \/>\n<meta property=\"og:site_name\" content=\"Keck-chimie\" \/>\n<meta property=\"article:modified_time\" content=\"2023-05-03T14:03:18+00:00\" \/>\n<meta name=\"twitter:card\" content=\"summary_large_image\" \/>\n<script type=\"application\/ld+json\" class=\"yoast-schema-graph\">{\"@context\":\"https:\/\/schema.org\",\"@graph\":[{\"@type\":\"WebPage\",\"@id\":\"https:\/\/www.keck-chimie.fr\/en\/the-company\/history\/\",\"url\":\"https:\/\/www.keck-chimie.fr\/en\/the-company\/history\/\",\"name\":\"History of Keck Chimie\",\"isPartOf\":{\"@id\":\"https:\/\/www.keck-chimie.fr\/en\/#website\"},\"datePublished\":\"2019-09-09T12:38:18+00:00\",\"dateModified\":\"2023-05-03T14:03:18+00:00\",\"description\":\"D\u00e9couvrez l'histoire de la soci\u00e9t\u00e9 Keck Chimie, fond\u00e9e en 1900 par Jakob Keck, \u00e0 Pirmasens, en Allemagne. Contactez-nous pour toutes vos questions !\",\"breadcrumb\":{\"@id\":\"https:\/\/www.keck-chimie.fr\/en\/the-company\/history\/#breadcrumb\"},\"inLanguage\":\"en-US\",\"potentialAction\":[{\"@type\":\"ReadAction\",\"target\":[\"https:\/\/www.keck-chimie.fr\/en\/the-company\/history\/\"]}]},{\"@type\":\"BreadcrumbList\",\"@id\":\"https:\/\/www.keck-chimie.fr\/en\/the-company\/history\/#breadcrumb\",\"itemListElement\":[{\"@type\":\"ListItem\",\"position\":1,\"name\":\"Home\",\"item\":\"https:\/\/www.keck-chimie.fr\/en\/\"},{\"@type\":\"ListItem\",\"position\":2,\"name\":\"The company\",\"item\":\"https:\/\/www.keck-chimie.fr\/en\/the-company\/\"},{\"@type\":\"ListItem\",\"position\":3,\"name\":\"History\"}]},{\"@type\":\"WebSite\",\"@id\":\"https:\/\/www.keck-chimie.fr\/en\/#website\",\"url\":\"https:\/\/www.keck-chimie.fr\/en\/\",\"name\":\"Keck-chimie\",\"description\":\"Un site utilisant WordPress\",\"potentialAction\":[{\"@type\":\"SearchAction\",\"target\":{\"@type\":\"EntryPoint\",\"urlTemplate\":\"https:\/\/www.keck-chimie.fr\/en\/?s={search_term_string}\"},\"query-input\":{\"@type\":\"PropertyValueSpecification\",\"valueRequired\":true,\"valueName\":\"search_term_string\"}}],\"inLanguage\":\"en-US\"}]}<\/script>\n<!-- \/ Yoast SEO plugin. -->","yoast_head_json":{"title":"History of Keck Chimie","description":"D\u00e9couvrez l'histoire de la soci\u00e9t\u00e9 Keck Chimie, fond\u00e9e en 1900 par Jakob Keck, \u00e0 Pirmasens, en Allemagne. Contactez-nous pour toutes vos questions !","robots":{"index":"index","follow":"follow","max-snippet":"max-snippet:-1","max-image-preview":"max-image-preview:large","max-video-preview":"max-video-preview:-1"},"canonical":"https:\/\/www.keck-chimie.fr\/en\/the-company\/history\/","og_locale":"en_US","og_type":"article","og_title":"History of Keck Chimie","og_description":"D\u00e9couvrez l'histoire de la soci\u00e9t\u00e9 Keck Chimie, fond\u00e9e en 1900 par Jakob Keck, \u00e0 Pirmasens, en Allemagne. Contactez-nous pour toutes vos questions !","og_url":"https:\/\/www.keck-chimie.fr\/en\/the-company\/history\/","og_site_name":"Keck-chimie","article_modified_time":"2023-05-03T14:03:18+00:00","twitter_card":"summary_large_image","schema":{"@context":"https:\/\/schema.org","@graph":[{"@type":"WebPage","@id":"https:\/\/www.keck-chimie.fr\/en\/the-company\/history\/","url":"https:\/\/www.keck-chimie.fr\/en\/the-company\/history\/","name":"History of Keck Chimie","isPartOf":{"@id":"https:\/\/www.keck-chimie.fr\/en\/#website"},"datePublished":"2019-09-09T12:38:18+00:00","dateModified":"2023-05-03T14:03:18+00:00","description":"D\u00e9couvrez l'histoire de la soci\u00e9t\u00e9 Keck Chimie, fond\u00e9e en 1900 par Jakob Keck, \u00e0 Pirmasens, en Allemagne. Contactez-nous pour toutes vos questions !","breadcrumb":{"@id":"https:\/\/www.keck-chimie.fr\/en\/the-company\/history\/#breadcrumb"},"inLanguage":"en-US","potentialAction":[{"@type":"ReadAction","target":["https:\/\/www.keck-chimie.fr\/en\/the-company\/history\/"]}]},{"@type":"BreadcrumbList","@id":"https:\/\/www.keck-chimie.fr\/en\/the-company\/history\/#breadcrumb","itemListElement":[{"@type":"ListItem","position":1,"name":"Home","item":"https:\/\/www.keck-chimie.fr\/en\/"},{"@type":"ListItem","position":2,"name":"The company","item":"https:\/\/www.keck-chimie.fr\/en\/the-company\/"},{"@type":"ListItem","position":3,"name":"History"}]},{"@type":"WebSite","@id":"https:\/\/www.keck-chimie.fr\/en\/#website","url":"https:\/\/www.keck-chimie.fr\/en\/","name":"Keck-chimie","description":"Un site utilisant WordPress","potentialAction":[{"@type":"SearchAction","target":{"@type":"EntryPoint","urlTemplate":"https:\/\/www.keck-chimie.fr\/en\/?s={search_term_string}"},"query-input":{"@type":"PropertyValueSpecification","valueRequired":true,"valueName":"search_term_string"}}],"inLanguage":"en-US"}]}},"_links":{"self":[{"href":"https:\/\/www.keck-chimie.fr\/en\/wp-json\/wp\/v2\/pages\/1431","targetHints":{"allow":["GET"]}}],"collection":[{"href":"https:\/\/www.keck-chimie.fr\/en\/wp-json\/wp\/v2\/pages"}],"about":[{"href":"https:\/\/www.keck-chimie.fr\/en\/wp-json\/wp\/v2\/types\/page"}],"author":[{"embeddable":true,"href":"https:\/\/www.keck-chimie.fr\/en\/wp-json\/wp\/v2\/users\/1"}],"replies":[{"embeddable":true,"href":"https:\/\/www.keck-chimie.fr\/en\/wp-json\/wp\/v2\/comments?post=1431"}],"version-history":[{"count":8,"href":"https:\/\/www.keck-chimie.fr\/en\/wp-json\/wp\/v2\/pages\/1431\/revisions"}],"predecessor-version":[{"id":3072,"href":"https:\/\/www.keck-chimie.fr\/en\/wp-json\/wp\/v2\/pages\/1431\/revisions\/3072"}],"up":[{"embeddable":true,"href":"https:\/\/www.keck-chimie.fr\/en\/wp-json\/wp\/v2\/pages\/420"}],"wp:attachment":[{"href":"https:\/\/www.keck-chimie.fr\/en\/wp-json\/wp\/v2\/media?parent=1431"}],"curies":[{"name":"wp","href":"https:\/\/api.w.org\/{rel}","templated":true}]}}